{"id":538,"date":"2022-05-22T21:24:45","date_gmt":"2022-05-22T19:24:45","guid":{"rendered":"https:\/\/diamondclinic.eu\/swierzbiaczka\/"},"modified":"2022-08-02T03:46:55","modified_gmt":"2022-08-02T01:46:55","slug":"prurigo-nodularis","status":"publish","type":"page","link":"https:\/\/diamondclinic.eu\/en\/prurigo-nodularis\/","title":{"rendered":"Prurigo nodularis"},"content":{"rendered":"<section class=\"l-section wpb_row mainphoto height_medium full_height valign_center with_img\"><div class=\"l-section-img\" role=\"img\" data-img-width=\"1920\" data-img-height=\"1000\" style=\"background-image: url(https:\/\/diamondclinic.eu\/wp-content\/uploads\/2022\/05\/swierzbiaczka-1.jpg);\"><\/div><div class=\"l-section-h i-cf\"><div class=\"g-cols vc_row via_flex valign_top type_default stacking_default\"><div class=\"vc_col-sm-7 wpb_column vc_column_container\"><div class=\"vc_column-inner\"><div class=\"wpb_wrapper\"><div class=\"g-cols wpb_row us_custom_4fb9e5a3 via_flex valign_top type_boxes stacking_default\"><div class=\"vc_col-sm-12 wpb_column vc_column_container\"><div class=\"vc_column-inner\"><div class=\"wpb_wrapper\"><div class=\"wpb_text_column us_custom_8535c5f4\"><div class=\"wpb_wrapper\"><h1>Prurigo nodularis<\/h1>\n<\/div><\/div><div class=\"w-separator us_custom_f350ef14 has_text_color size_custom with_line width_default thick_1 style_solid color_text align_center\" style=\"height:34px\"><div class=\"w-separator-h\"><\/div><\/div><div class=\"wpb_text_column us_custom_4bbef5f8\"><div class=\"wpb_wrapper\"><p>Zmagasz si\u0119 z przewlek\u0142ym, mocno nasilonym sw\u0119dzeniem sk\u00f3ry, kt\u00f3ra pokryta jest grudkami?<\/p>\n<\/div><\/div><div class=\"w-btn-wrapper align_none\"><a class=\"w-btn us-btn-style_2\" href=\"#kontakt\"><span class=\"w-btn-label\">Contact us<\/span><\/a><\/div><\/div><\/div><\/div><\/div><\/div><\/div><\/div><\/div><\/div><\/section><section class=\"l-section wpb_row us_custom_100d1e64 height_auto\"><div class=\"l-section-h i-cf\"><div class=\"g-cols vc_row via_flex valign_middle type_default stacking_default\"><div class=\"vc_col-sm-6 wpb_column vc_column_container pr-sp\"><div class=\"vc_column-inner us_custom_d392eac1\"><div class=\"wpb_wrapper\"><div class=\"wpb_text_column us_custom_432d3f53\"><div class=\"wpb_wrapper\"><h2>Prurigo nodularis<\/h2>\n<p>W Diamond Clinic mo\u017cesz uzyska\u0107 wi\u0119cej informacji na temat nowoczesnych metod terapii \u015bwierzbi\u0105czki guzkowej.<br \/>\nZg\u0142o\u015b si\u0119 do nas, je\u015bli cierpisz na mocno nasilony \u015bwi\u0105d w przebiegu \u015bwierzbi\u0105czki guzkowej oraz masz 10 lub wi\u0119cej sw\u0119dz\u0105cych guzk\u00f3w (grudek) rozsianych po co najmniej 2 cz\u0119\u015bciach cia\u0142a.<\/p>\n<\/div><\/div><div class=\"wpb_text_column us_custom_4bbef5f8\"><div class=\"wpb_wrapper\"><p>Zadzwo\u0144: <a href=\"tel:571241412\"><strong>+ 48 571 241 412<\/strong><\/a><\/p>\n<\/div><\/div><div class=\"w-btn-wrapper align_none\"><a class=\"w-btn us-btn-style_2\" href=\"#formularz\"><span class=\"w-btn-label\">Napisz do nas<\/span><\/a><\/div><\/div><\/div><\/div><div class=\"vc_col-sm-6 wpb_column vc_column_container min-h-sp has_bg_color stretched\"><div class=\"vc_column-inner us_custom_b84d93c3\"><div class=\"wpb_wrapper\"><\/div><\/div><\/div><\/div><\/div><\/section><section class=\"l-section wpb_row us_custom_edddf27a height_large\"><div class=\"l-section-h i-cf\"><div class=\"g-cols vc_row via_flex valign_top type_default stacking_default\"><div class=\"vc_col-sm-12 wpb_column vc_column_container\"><div class=\"vc_column-inner\"><div class=\"wpb_wrapper\"><div class=\"wpb_text_column us_custom_eb849559\"><div class=\"wpb_wrapper\"><h2>O chorobie<\/h2>\n<\/div><\/div><div class=\"g-cols wpb_row us_custom_3bd30271 via_flex valign_middle type_default stacking_default\" style=\"--additional-gap:20px;\"><div class=\"vc_col-sm-6 wpb_column vc_column_container\"><div class=\"vc_column-inner\"><div class=\"wpb_wrapper\"><div class=\"wpb_text_column ul-sp\"><div class=\"wpb_wrapper\"><p><strong>\u015awierzbi\u0105czka guzkowa<\/strong> to choroba, w kt\u00f3rej w wyniku ustawicznego drapania sk\u00f3ra zaczyna krwawi\u0107 i tworz\u0105 si\u0119 na niej grudki.<\/p>\n<p>Sw\u0119dzenie jest tak silne, \u017ce mo\u017ce wp\u0142ywa\u0107 na jako\u015b\u0107 snu, a nawet prac\u0119 i \u017cycie towarzyskie.<\/p>\n<\/div><\/div><\/div><\/div><\/div><div class=\"vc_col-sm-6 wpb_column vc_column_container\"><div class=\"vc_column-inner\"><div class=\"wpb_wrapper\"><div class=\"w-image align_center\"><div class=\"w-image-h\"><img loading=\"lazy\" decoding=\"async\" width=\"570\" height=\"485\" src=\"https:\/\/diamondclinic.eu\/wp-content\/uploads\/2022\/05\/swierzbiaczka-3.jpg\" class=\"attachment-full size-full\" alt=\"\" srcset=\"https:\/\/diamondclinic.eu\/wp-content\/uploads\/2022\/05\/swierzbiaczka-3.jpg 570w, https:\/\/diamondclinic.eu\/wp-content\/uploads\/2022\/05\/swierzbiaczka-3-300x255.jpg 300w\" sizes=\"auto, (max-width: 570px) 100vw, 570px\" \/><\/div><\/div><\/div><\/div><\/div><\/div><div class=\"g-cols wpb_row via_flex valign_middle type_default reversed stacking_default\" style=\"--additional-gap:20px;\"><div class=\"vc_col-sm-6 wpb_column vc_column_container\"><div class=\"vc_column-inner\"><div class=\"wpb_wrapper\"><div class=\"w-image align_center\"><div class=\"w-image-h\"><img loading=\"lazy\" decoding=\"async\" width=\"570\" height=\"485\" src=\"https:\/\/diamondclinic.eu\/wp-content\/uploads\/2022\/05\/swierzbiaczka-4.jpg\" class=\"attachment-full size-full\" alt=\"\" srcset=\"https:\/\/diamondclinic.eu\/wp-content\/uploads\/2022\/05\/swierzbiaczka-4.jpg 570w, https:\/\/diamondclinic.eu\/wp-content\/uploads\/2022\/05\/swierzbiaczka-4-300x255.jpg 300w\" sizes=\"auto, (max-width: 570px) 100vw, 570px\" \/><\/div><\/div><\/div><\/div><\/div><div class=\"vc_col-sm-6 wpb_column vc_column_container\"><div class=\"vc_column-inner\"><div class=\"wpb_wrapper\"><div class=\"wpb_text_column ul-sp\"><div class=\"wpb_wrapper\"><p><strong>Czy wiesz, \u017ce:<\/strong><\/p>\n<ul>\n<li aria-level=\"1\">Drapanie guzk\u00f3w pojawiaj\u0105cych si\u0119 u os\u00f3b chorych na \u015bwierzbi\u0105czk\u0119 guzkow\u0105, mo\u017ce prowadzi\u0107 do powstawania kolejnych zmian.<\/li>\n<li aria-level=\"1\">Guzki mog\u0105 mie\u0107 rozmiar od bardzo ma\u0142ych do wi\u0119kszych, maj\u0105cych oko\u0142o p\u00f3\u0142torej centymetra \u015brednicy a ich powierzchnia jest cz\u0119sto szorstka i wysuszona.<\/li>\n<li aria-level=\"1\">Guzki najcz\u0119\u015bciej tworz\u0105 si\u0119 po zewn\u0119trznej stronie ramion, na nogach, ramionach a tak\u017ce mog\u0105 si\u0119 tworzy\u0107 na szyi i tu\u0142owiu.<\/li>\n<li aria-level=\"1\">Osoby borykaj\u0105ce si\u0119 ze \u015bwierzbi\u0105czk\u0105 guzkow\u0105 mog\u0105 czu\u0107 si\u0119 przygn\u0119bione wygl\u0105dem sk\u00f3ry pokrytej guzkami, a intensywny \u015bwi\u0105d sk\u00f3ry mo\u017ce zak\u0142\u00f3ca\u0107 sen lub codzienne czynno\u015bci, co mo\u017ce wywo\u0142a\u0107 stres, a nawet przyczyni\u0107 si\u0119 do rozwoju depresji.<\/li>\n<\/ul>\n<\/div><\/div><\/div><\/div><\/div><\/div><\/div><\/div><\/div><\/div><\/div><\/section><section class=\"l-section wpb_row height_auto\" id=\"kontakt\"><div class=\"l-section-h i-cf\"><div class=\"g-cols vc_row via_flex valign_middle type_default stacking_default\"><div class=\"vc_col-sm-6 wpb_column vc_column_container\"><div class=\"vc_column-inner us_custom_d392eac1\"><div class=\"wpb_wrapper\"><div class=\"wpb_text_column us_custom_eb849559\"><div class=\"wpb_wrapper\"><h2>CONTACT US<\/h2>\n<p>Chcesz dowiedzie\u0107 si\u0119 wi\u0119cej na temat<br \/>\n\u015bwierzbi\u0105czki guzkowej, bezp\u0142atnego diagnozowania<br \/>\ni nowoczesnych sposob\u00f3w terapii \u2013 skontaktuj si\u0119 z nami<\/p>\n<\/div><\/div><div class=\"wpb_text_column us_custom_9efe62c2\"><div class=\"wpb_wrapper\"><p>Zadzwo\u0144: <strong><a href=\"tel:571241412\">+ 48 571 241 412<\/a><\/strong><br \/>\nNapisz: <strong><a href=\"mailto:biuro@diamondclinic.eu\">biuro@diamondclinic.eu<\/a><\/strong><\/p>\n<\/div><\/div><\/div><\/div><\/div><div class=\"vc_col-sm-6 wpb_column vc_column_container\"><div class=\"vc_column-inner\"><div class=\"wpb_wrapper\"><div class=\"w-image us_custom_4b68feab align_center\"><div class=\"w-image-h\"><img loading=\"lazy\" decoding=\"async\" width=\"500\" height=\"648\" src=\"https:\/\/diamondclinic.eu\/wp-content\/uploads\/2022\/06\/zdj-rejestracja.jpg\" class=\"attachment-full size-full\" alt=\"\" srcset=\"https:\/\/diamondclinic.eu\/wp-content\/uploads\/2022\/06\/zdj-rejestracja.jpg 500w, https:\/\/diamondclinic.eu\/wp-content\/uploads\/2022\/06\/zdj-rejestracja-231x300.jpg 231w\" sizes=\"auto, (max-width: 500px) 100vw, 500px\" \/><\/div><\/div><\/div><\/div><\/div><\/div><\/div><\/section>\n","protected":false},"excerpt":{"rendered":"Prurigo nodularis Zmagasz si\u0119 z przewlek\u0142ym, mocno nasilonym sw\u0119dzeniem sk\u00f3ry, kt\u00f3ra pokryta jest grudkami? Contact usPrurigo nodularis W Diamond Clinic mo\u017cesz uzyska\u0107 wi\u0119cej informacji na temat nowoczesnych metod terapii \u015bwierzbi\u0105czki guzkowej. Zg\u0142o\u015b si\u0119 do nas, je\u015bli cierpisz na mocno nasilony \u015bwi\u0105d w przebiegu \u015bwierzbi\u0105czki guzkowej oraz masz 10 lub wi\u0119cej sw\u0119dz\u0105cych guzk\u00f3w (grudek) rozsianych po...","protected":false},"author":1,"featured_media":448,"parent":0,"menu_order":0,"comment_status":"closed","ping_status":"closed","template":"","meta":{"footnotes":""},"class_list":["post-538","page","type-page","status-publish","has-post-thumbnail","hentry"],"acf":[],"yoast_head":"<!-- This site is optimized with the Yoast SEO plugin v27.5 - https:\/\/yoast.com\/product\/yoast-seo-wordpress\/ -->\n<title>Prurigo nodularis - Diamond Clinic<\/title>\n<meta name=\"robots\" content=\"index, follow, max-snippet:-1, max-image-preview:large, max-video-preview:-1\" \/>\n<link rel=\"canonical\" href=\"https:\/\/diamondclinic.eu\/en\/prurigo-nodularis\/\" \/>\n<meta property=\"og:locale\" content=\"en_US\" \/>\n<meta property=\"og:type\" content=\"article\" \/>\n<meta property=\"og:title\" content=\"Prurigo nodularis - Diamond Clinic\" \/>\n<meta property=\"og:url\" content=\"https:\/\/diamondclinic.eu\/en\/prurigo-nodularis\/\" \/>\n<meta property=\"og:site_name\" content=\"Diamond Clinic\" \/>\n<meta property=\"article:modified_time\" content=\"2022-08-02T01:46:55+00:00\" \/>\n<meta property=\"og:image\" content=\"https:\/\/diamondclinic.eu\/wp-content\/uploads\/2022\/05\/badania-kliniczne-14.jpg\" \/>\n\t<meta property=\"og:image:width\" content=\"300\" \/>\n\t<meta property=\"og:image:height\" content=\"300\" \/>\n\t<meta property=\"og:image:type\" content=\"image\/jpeg\" \/>\n<meta name=\"twitter:card\" content=\"summary_large_image\" \/>\n<meta name=\"twitter:label1\" content=\"Est. reading time\" \/>\n\t<meta name=\"twitter:data1\" content=\"2 minutes\" \/>\n<script type=\"application\/ld+json\" class=\"yoast-schema-graph\">{\"@context\":\"https:\\\/\\\/schema.org\",\"@graph\":[{\"@type\":\"WebPage\",\"@id\":\"https:\\\/\\\/diamondclinic.eu\\\/en\\\/prurigo-nodularis\\\/\",\"url\":\"https:\\\/\\\/diamondclinic.eu\\\/en\\\/prurigo-nodularis\\\/\",\"name\":\"Prurigo nodularis - Diamond Clinic\",\"isPartOf\":{\"@id\":\"https:\\\/\\\/diamondclinic.eu\\\/#website\"},\"primaryImageOfPage\":{\"@id\":\"https:\\\/\\\/diamondclinic.eu\\\/en\\\/prurigo-nodularis\\\/#primaryimage\"},\"image\":{\"@id\":\"https:\\\/\\\/diamondclinic.eu\\\/en\\\/prurigo-nodularis\\\/#primaryimage\"},\"thumbnailUrl\":\"https:\\\/\\\/diamondclinic.eu\\\/wp-content\\\/uploads\\\/2022\\\/05\\\/badania-kliniczne-14.jpg\",\"datePublished\":\"2022-05-22T19:24:45+00:00\",\"dateModified\":\"2022-08-02T01:46:55+00:00\",\"breadcrumb\":{\"@id\":\"https:\\\/\\\/diamondclinic.eu\\\/en\\\/prurigo-nodularis\\\/#breadcrumb\"},\"inLanguage\":\"en-US\",\"potentialAction\":[{\"@type\":\"ReadAction\",\"target\":[\"https:\\\/\\\/diamondclinic.eu\\\/en\\\/prurigo-nodularis\\\/\"]}]},{\"@type\":\"ImageObject\",\"inLanguage\":\"en-US\",\"@id\":\"https:\\\/\\\/diamondclinic.eu\\\/en\\\/prurigo-nodularis\\\/#primaryimage\",\"url\":\"https:\\\/\\\/diamondclinic.eu\\\/wp-content\\\/uploads\\\/2022\\\/05\\\/badania-kliniczne-14.jpg\",\"contentUrl\":\"https:\\\/\\\/diamondclinic.eu\\\/wp-content\\\/uploads\\\/2022\\\/05\\\/badania-kliniczne-14.jpg\",\"width\":300,\"height\":300},{\"@type\":\"BreadcrumbList\",\"@id\":\"https:\\\/\\\/diamondclinic.eu\\\/en\\\/prurigo-nodularis\\\/#breadcrumb\",\"itemListElement\":[{\"@type\":\"ListItem\",\"position\":1,\"name\":\"Strona g\u0142\u00f3wna\",\"item\":\"https:\\\/\\\/diamondclinic.eu\\\/en\\\/\"},{\"@type\":\"ListItem\",\"position\":2,\"name\":\"Prurigo nodularis\"}]},{\"@type\":\"WebSite\",\"@id\":\"https:\\\/\\\/diamondclinic.eu\\\/#website\",\"url\":\"https:\\\/\\\/diamondclinic.eu\\\/\",\"name\":\"Diamond Clinic\",\"description\":\"\",\"potentialAction\":[{\"@type\":\"SearchAction\",\"target\":{\"@type\":\"EntryPoint\",\"urlTemplate\":\"https:\\\/\\\/diamondclinic.eu\\\/?s={search_term_string}\"},\"query-input\":{\"@type\":\"PropertyValueSpecification\",\"valueRequired\":true,\"valueName\":\"search_term_string\"}}],\"inLanguage\":\"en-US\"}]}<\/script>\n<!-- \/ Yoast SEO plugin. -->","yoast_head_json":{"title":"Prurigo nodularis - Diamond Clinic","robots":{"index":"index","follow":"follow","max-snippet":"max-snippet:-1","max-image-preview":"max-image-preview:large","max-video-preview":"max-video-preview:-1"},"canonical":"https:\/\/diamondclinic.eu\/en\/prurigo-nodularis\/","og_locale":"en_US","og_type":"article","og_title":"Prurigo nodularis - Diamond Clinic","og_url":"https:\/\/diamondclinic.eu\/en\/prurigo-nodularis\/","og_site_name":"Diamond Clinic","article_modified_time":"2022-08-02T01:46:55+00:00","og_image":[{"width":300,"height":300,"url":"https:\/\/diamondclinic.eu\/wp-content\/uploads\/2022\/05\/badania-kliniczne-14.jpg","type":"image\/jpeg"}],"twitter_card":"summary_large_image","twitter_misc":{"Est. reading time":"2 minutes"},"schema":{"@context":"https:\/\/schema.org","@graph":[{"@type":"WebPage","@id":"https:\/\/diamondclinic.eu\/en\/prurigo-nodularis\/","url":"https:\/\/diamondclinic.eu\/en\/prurigo-nodularis\/","name":"Prurigo nodularis - Diamond Clinic","isPartOf":{"@id":"https:\/\/diamondclinic.eu\/#website"},"primaryImageOfPage":{"@id":"https:\/\/diamondclinic.eu\/en\/prurigo-nodularis\/#primaryimage"},"image":{"@id":"https:\/\/diamondclinic.eu\/en\/prurigo-nodularis\/#primaryimage"},"thumbnailUrl":"https:\/\/diamondclinic.eu\/wp-content\/uploads\/2022\/05\/badania-kliniczne-14.jpg","datePublished":"2022-05-22T19:24:45+00:00","dateModified":"2022-08-02T01:46:55+00:00","breadcrumb":{"@id":"https:\/\/diamondclinic.eu\/en\/prurigo-nodularis\/#breadcrumb"},"inLanguage":"en-US","potentialAction":[{"@type":"ReadAction","target":["https:\/\/diamondclinic.eu\/en\/prurigo-nodularis\/"]}]},{"@type":"ImageObject","inLanguage":"en-US","@id":"https:\/\/diamondclinic.eu\/en\/prurigo-nodularis\/#primaryimage","url":"https:\/\/diamondclinic.eu\/wp-content\/uploads\/2022\/05\/badania-kliniczne-14.jpg","contentUrl":"https:\/\/diamondclinic.eu\/wp-content\/uploads\/2022\/05\/badania-kliniczne-14.jpg","width":300,"height":300},{"@type":"BreadcrumbList","@id":"https:\/\/diamondclinic.eu\/en\/prurigo-nodularis\/#breadcrumb","itemListElement":[{"@type":"ListItem","position":1,"name":"Strona g\u0142\u00f3wna","item":"https:\/\/diamondclinic.eu\/en\/"},{"@type":"ListItem","position":2,"name":"Prurigo nodularis"}]},{"@type":"WebSite","@id":"https:\/\/diamondclinic.eu\/#website","url":"https:\/\/diamondclinic.eu\/","name":"Diamond Clinic","description":"","potentialAction":[{"@type":"SearchAction","target":{"@type":"EntryPoint","urlTemplate":"https:\/\/diamondclinic.eu\/?s={search_term_string}"},"query-input":{"@type":"PropertyValueSpecification","valueRequired":true,"valueName":"search_term_string"}}],"inLanguage":"en-US"}]}},"_links":{"self":[{"href":"https:\/\/diamondclinic.eu\/en\/wp-json\/wp\/v2\/pages\/538","targetHints":{"allow":["GET"]}}],"collection":[{"href":"https:\/\/diamondclinic.eu\/en\/wp-json\/wp\/v2\/pages"}],"about":[{"href":"https:\/\/diamondclinic.eu\/en\/wp-json\/wp\/v2\/types\/page"}],"author":[{"embeddable":true,"href":"https:\/\/diamondclinic.eu\/en\/wp-json\/wp\/v2\/users\/1"}],"replies":[{"embeddable":true,"href":"https:\/\/diamondclinic.eu\/en\/wp-json\/wp\/v2\/comments?post=538"}],"version-history":[{"count":1,"href":"https:\/\/diamondclinic.eu\/en\/wp-json\/wp\/v2\/pages\/538\/revisions"}],"predecessor-version":[{"id":539,"href":"https:\/\/diamondclinic.eu\/en\/wp-json\/wp\/v2\/pages\/538\/revisions\/539"}],"wp:featuredmedia":[{"embeddable":true,"href":"https:\/\/diamondclinic.eu\/en\/wp-json\/wp\/v2\/media\/448"}],"wp:attachment":[{"href":"https:\/\/diamondclinic.eu\/en\/wp-json\/wp\/v2\/media?parent=538"}],"curies":[{"name":"wp","href":"https:\/\/api.w.org\/{rel}","templated":true}]}}