{"id":533,"date":"2022-05-22T21:05:52","date_gmt":"2022-05-22T19:05:52","guid":{"rendered":"https:\/\/diamondclinic.eu\/osteoporoza\/"},"modified":"2022-08-02T03:39:36","modified_gmt":"2022-08-02T01:39:36","slug":"osteoporosis","status":"publish","type":"page","link":"https:\/\/diamondclinic.eu\/en\/osteoporosis\/","title":{"rendered":"Osteoporosis"},"content":{"rendered":"<section class=\"l-section wpb_row mainphoto height_medium full_height valign_center with_img\"><div class=\"l-section-img\" role=\"img\" data-img-width=\"1920\" data-img-height=\"1000\" style=\"background-image: url(https:\/\/diamondclinic.eu\/wp-content\/uploads\/2022\/05\/osteoporoza-1.jpg);\"><\/div><div class=\"l-section-h i-cf\"><div class=\"g-cols vc_row via_flex valign_top type_default stacking_default\"><div class=\"vc_col-sm-7 wpb_column vc_column_container\"><div class=\"vc_column-inner\"><div class=\"wpb_wrapper\"><div class=\"g-cols wpb_row us_custom_4fb9e5a3 via_flex valign_top type_boxes stacking_default\"><div class=\"vc_col-sm-12 wpb_column vc_column_container\"><div class=\"vc_column-inner\"><div class=\"wpb_wrapper\"><div class=\"wpb_text_column us_custom_8535c5f4\"><div class=\"wpb_wrapper\"><h1>Osteoporosis<br \/>\n<span class=\"h1-smaller\">CICHY Z\u0141ODZIEJ KO\u015aCI<\/span><\/h1>\n<\/div><\/div><div class=\"w-separator us_custom_f350ef14 has_text_color size_custom with_line width_default thick_1 style_solid color_text align_center\" style=\"height:34px\"><div class=\"w-separator-h\"><\/div><\/div><div class=\"wpb_text_column us_custom_9284bd94\"><div class=\"wpb_wrapper\"><p>Bezp\u0142atne badanie densytometryczne. Diagnostyka odcinka l\u0119d\u017awiowego kr\u0119gos\u0142upa pod k\u0105tem osteoporozy.<\/p>\n<\/div><\/div><div class=\"w-btn-wrapper align_none\"><a class=\"w-btn us-btn-style_2\" href=\"#kontakt\"><span class=\"w-btn-label\">Contact us<\/span><\/a><\/div><\/div><\/div><\/div><\/div><\/div><\/div><\/div><\/div><\/div><\/section><section class=\"l-section wpb_row us_custom_100d1e64 height_auto\"><div class=\"l-section-h i-cf\"><div class=\"g-cols vc_row via_flex valign_middle type_default stacking_default\"><div class=\"vc_col-sm-6 wpb_column vc_column_container pr-sp\"><div class=\"vc_column-inner us_custom_d392eac1\"><div class=\"wpb_wrapper\"><div class=\"wpb_text_column us_custom_432d3f53\"><div class=\"wpb_wrapper\"><h2>Bezp\u0142atna diagnostyka<\/h2>\n<p>Zg\u0142o\u015b si\u0119 do nas, je\u015bli chcesz skorzysta\u0107 z bezp\u0142atnego badania odcinka l\u0119d\u017awiowego kr\u0119gos\u0142upa.<\/p>\n<p>Diagnostyka jest skierowana dla <strong>kobiet w wieku 60-90 lat<\/strong>, <strong>bez z\u0142ama\u0144 osteoporotycznych<\/strong> (z\u0142amania kreg\u00f3w, z\u0142amania biodra), kt\u00f3rych waga mie\u015bci si\u0119 w przedziale <strong>50-90 kg<\/strong>.<\/p>\n<\/div><\/div><div class=\"wpb_text_column us_custom_4bbef5f8\"><div class=\"wpb_wrapper\"><p>Zadzwo\u0144: <a href=\"tel:571241412\"><strong>+ 48 571 241 412<\/strong><\/a><\/p>\n<\/div><\/div><div class=\"w-btn-wrapper align_none\"><a class=\"w-btn us-btn-style_2\" href=\"#formularz\"><span class=\"w-btn-label\">Napisz do nas<\/span><\/a><\/div><\/div><\/div><\/div><div class=\"vc_col-sm-6 wpb_column vc_column_container min-h-sp has_bg_color stretched\"><div class=\"vc_column-inner us_custom_4de042c6\"><div class=\"wpb_wrapper\"><\/div><\/div><\/div><\/div><\/div><\/section><section class=\"l-section wpb_row us_custom_edddf27a height_large\"><div class=\"l-section-h i-cf\"><div class=\"g-cols vc_row via_flex valign_top type_default stacking_default\"><div class=\"vc_col-sm-12 wpb_column vc_column_container\"><div class=\"vc_column-inner\"><div class=\"wpb_wrapper\"><div class=\"wpb_text_column us_custom_eb849559\"><div class=\"wpb_wrapper\"><h2>Osteoporoza \u2013 cichy z\u0142odziej ko\u015bci<\/h2>\n<\/div><\/div><div class=\"g-cols wpb_row us_custom_3bd30271 via_flex valign_middle type_default stacking_default\" style=\"--additional-gap:20px;\"><div class=\"vc_col-sm-6 wpb_column vc_column_container\"><div class=\"vc_column-inner\"><div class=\"wpb_wrapper\"><div class=\"wpb_text_column us_custom_432d3f53 ul-sp\"><div class=\"wpb_wrapper\"><p><strong>Densytometria<\/strong> kr\u0119gos\u0142upa to badanie, kt\u00f3re jest niezb\u0119dne w procesie <strong>diagnozowania i leczenia osteoporozy<\/strong>. Umo\u017cliwia ocen\u0119 ryzyka z\u0142ama\u0144 oraz s\u0142u\u017cy do por\u00f3wnania wynik\u00f3w w trakcie trwania terapii.<\/p>\n<p><strong>Osteoporoza<\/strong> to choroba metaboliczna, kt\u00f3rej g\u0142\u00f3wn\u0105 cech\u0105 s\u0105 z\u0142amania ko\u015bci. Charakterystyczne dla niej s\u0105: <strong>niska masa kostna, zaburzona mikrostruktura ko\u015bci, podatno\u015b\u0107 na z\u0142amania<\/strong>.<\/p>\n<p>Osteoporoza jest chorob\u0105, kt\u00f3ra dotyka du\u017c\u0105 cz\u0119\u015b\u0107 spo\u0142ecze\u0144stwa. Szczeg\u00f3lnie nara\u017cone na zachorowanie s\u0105 <strong>kobiety po menopauzie<\/strong>. Szacuje si\u0119, \u017ce <strong>co trzecia kobieta i co pi\u0105ty m\u0119\u017cczyzna po 50 roku<\/strong> \u017cycia dozna osteoporotycznego z\u0142amania ko\u015bci.<\/p>\n<\/div><\/div><\/div><\/div><\/div><div class=\"vc_col-sm-6 wpb_column vc_column_container\"><div class=\"vc_column-inner\"><div class=\"wpb_wrapper\"><div class=\"w-image align_center\"><div class=\"w-image-h\"><img loading=\"lazy\" decoding=\"async\" width=\"570\" height=\"485\" src=\"https:\/\/diamondclinic.eu\/wp-content\/uploads\/2022\/05\/osteoporoza-3.jpg\" class=\"attachment-full size-full\" alt=\"\" srcset=\"https:\/\/diamondclinic.eu\/wp-content\/uploads\/2022\/05\/osteoporoza-3.jpg 570w, https:\/\/diamondclinic.eu\/wp-content\/uploads\/2022\/05\/osteoporoza-3-300x255.jpg 300w\" sizes=\"auto, (max-width: 570px) 100vw, 570px\" \/><\/div><\/div><\/div><\/div><\/div><\/div><div class=\"g-cols wpb_row us_custom_a92bf69e via_flex valign_middle type_default reversed stacking_default\" style=\"--additional-gap:20px;\"><div class=\"vc_col-sm-6 wpb_column vc_column_container\"><div class=\"vc_column-inner\"><div class=\"wpb_wrapper\"><div class=\"w-image align_center\"><div class=\"w-image-h\"><img loading=\"lazy\" decoding=\"async\" width=\"570\" height=\"550\" src=\"https:\/\/diamondclinic.eu\/wp-content\/uploads\/2022\/05\/osteoporoza-4.jpg\" class=\"attachment-full size-full\" alt=\"\" srcset=\"https:\/\/diamondclinic.eu\/wp-content\/uploads\/2022\/05\/osteoporoza-4.jpg 570w, https:\/\/diamondclinic.eu\/wp-content\/uploads\/2022\/05\/osteoporoza-4-300x289.jpg 300w\" sizes=\"auto, (max-width: 570px) 100vw, 570px\" \/><\/div><\/div><\/div><\/div><\/div><div class=\"vc_col-sm-6 wpb_column vc_column_container\"><div class=\"vc_column-inner\"><div class=\"wpb_wrapper\"><div class=\"wpb_text_column ul-sp\"><div class=\"wpb_wrapper\"><p><strong>Czy wiesz jakie s\u0105 czynniki ryzyka osteoporozy?<\/strong><\/p>\n<ul>\n<li aria-level=\"1\">p\u0142e\u0107 &#8211; na osteoporoz\u0119 cz\u0119\u015bciej choruj\u0105 kobiety<\/li>\n<li aria-level=\"1\">wczesna menopauza &#8211; ryzyko zachorowania na osteoporoz\u0119 wzrasta u kobiet, kt\u00f3re przesz\u0142y menopauz\u0119 przed 45 rokiem \u017cycia<\/li>\n<li aria-level=\"1\">wiek &#8211; szczeg\u00f3lnie nara\u017cone s\u0105 osoby po 65 roku \u017cycia<\/li>\n<li aria-level=\"1\">rodzinna historia chor\u00f3b &#8211; z\u0142amanie biodra lub osteoporoza u rodzic\u00f3w<\/li>\n<li aria-level=\"1\">przebyte z\u0142amania &#8211; z\u0142amania ko\u015bci po 40 roku \u017cycia<\/li>\n<li aria-level=\"1\">przyjmowanie niekt\u00f3rych lek\u00f3w, np. : glikokortykosteriody, leki przeciwdrgawkowe, chemioteraputyki stosowane w chorobach nowotworowych<\/li>\n<li aria-level=\"1\">choroby zwi\u0119kszaj\u0105ce ryzyko osteoporozy &#8211; RZS, nadczynno\u015b\u0107 tarczycy, nadczynno\u015b\u0107 przytarczyc, cukrzyca typu 1, POCHP, przed\u0142u\u017cony okres unieruchomienia<\/li>\n<li aria-level=\"1\">siedz\u0105cy tryb \u017cycia<\/li>\n<li aria-level=\"1\">z\u0142a dieta<\/li>\n<li aria-level=\"1\">u\u017cywki<\/li>\n<\/ul>\n<\/div><\/div><\/div><\/div><\/div><\/div><\/div><\/div><\/div><\/div><\/div><\/section><section class=\"l-section wpb_row height_auto\" id=\"kontakt\"><div class=\"l-section-h i-cf\"><div class=\"g-cols vc_row via_flex valign_middle type_default stacking_default\"><div class=\"vc_col-sm-6 wpb_column vc_column_container\"><div class=\"vc_column-inner us_custom_d392eac1\"><div class=\"wpb_wrapper\"><div class=\"wpb_text_column us_custom_eb849559\"><div class=\"wpb_wrapper\"><h2>CONTACT US<\/h2>\n<p>Chcesz dowiedzie\u0107 si\u0119 wi\u0119cej na temat<br \/>\nOsteoporozy, diagnozowania<br \/>\ni sposob\u00f3w terapii &#8211; skontaktuj si\u0119 z nami<\/p>\n<\/div><\/div><div class=\"wpb_text_column us_custom_9efe62c2\"><div class=\"wpb_wrapper\"><p>Zadzwo\u0144: <strong><a href=\"tel:571241412\">+ 48 571 241 412<\/a><\/strong><br \/>\nNapisz: <strong><a href=\"mailto:biuro@diamondclinic.eu\">biuro@diamondclinic.eu<\/a><\/strong><\/p>\n<\/div><\/div><\/div><\/div><\/div><div class=\"vc_col-sm-6 wpb_column vc_column_container\"><div class=\"vc_column-inner\"><div class=\"wpb_wrapper\"><div class=\"w-image us_custom_4b68feab align_center\"><div class=\"w-image-h\"><img loading=\"lazy\" decoding=\"async\" width=\"500\" height=\"648\" src=\"https:\/\/diamondclinic.eu\/wp-content\/uploads\/2022\/06\/zdj-rejestracja.jpg\" class=\"attachment-full size-full\" alt=\"\" srcset=\"https:\/\/diamondclinic.eu\/wp-content\/uploads\/2022\/06\/zdj-rejestracja.jpg 500w, https:\/\/diamondclinic.eu\/wp-content\/uploads\/2022\/06\/zdj-rejestracja-231x300.jpg 231w\" sizes=\"auto, (max-width: 500px) 100vw, 500px\" \/><\/div><\/div><\/div><\/div><\/div><\/div><\/div><\/section>\n","protected":false},"excerpt":{"rendered":"Osteoporosis CICHY Z\u0141ODZIEJ KO\u015aCI Bezp\u0142atne badanie densytometryczne. Diagnostyka odcinka l\u0119d\u017awiowego kr\u0119gos\u0142upa pod k\u0105tem osteoporozy. Contact usBezp\u0142atna diagnostyka Zg\u0142o\u015b si\u0119 do nas, je\u015bli chcesz skorzysta\u0107 z bezp\u0142atnego badania odcinka l\u0119d\u017awiowego kr\u0119gos\u0142upa. Diagnostyka jest skierowana dla kobiet w wieku 60-90 lat, bez z\u0142ama\u0144 osteoporotycznych (z\u0142amania kreg\u00f3w, z\u0142amania biodra), kt\u00f3rych waga mie\u015bci si\u0119 w przedziale 50-90 kg. Zadzwo\u0144:...","protected":false},"author":1,"featured_media":437,"parent":0,"menu_order":0,"comment_status":"closed","ping_status":"closed","template":"","meta":{"footnotes":""},"class_list":["post-533","page","type-page","status-publish","has-post-thumbnail","hentry"],"acf":[],"yoast_head":"<!-- This site is optimized with the Yoast SEO plugin v27.4 - https:\/\/yoast.com\/product\/yoast-seo-wordpress\/ -->\n<title>Osteoporosis - Diamond Clinic<\/title>\n<meta name=\"robots\" content=\"index, follow, max-snippet:-1, max-image-preview:large, max-video-preview:-1\" \/>\n<link rel=\"canonical\" href=\"https:\/\/diamondclinic.eu\/en\/osteoporosis\/\" \/>\n<meta property=\"og:locale\" content=\"en_US\" \/>\n<meta property=\"og:type\" content=\"article\" \/>\n<meta property=\"og:title\" content=\"Osteoporosis - Diamond Clinic\" \/>\n<meta property=\"og:url\" content=\"https:\/\/diamondclinic.eu\/en\/osteoporosis\/\" \/>\n<meta property=\"og:site_name\" content=\"Diamond Clinic\" \/>\n<meta property=\"article:modified_time\" content=\"2022-08-02T01:39:36+00:00\" \/>\n<meta property=\"og:image\" content=\"https:\/\/diamondclinic.eu\/wp-content\/uploads\/2022\/05\/badania-kliniczne-3.jpg\" \/>\n\t<meta property=\"og:image:width\" content=\"300\" \/>\n\t<meta property=\"og:image:height\" content=\"300\" \/>\n\t<meta property=\"og:image:type\" content=\"image\/jpeg\" \/>\n<meta name=\"twitter:card\" content=\"summary_large_image\" \/>\n<meta name=\"twitter:label1\" content=\"Est. reading time\" \/>\n\t<meta name=\"twitter:data1\" content=\"3 minutes\" \/>\n<script type=\"application\/ld+json\" class=\"yoast-schema-graph\">{\"@context\":\"https:\\\/\\\/schema.org\",\"@graph\":[{\"@type\":\"WebPage\",\"@id\":\"https:\\\/\\\/diamondclinic.eu\\\/en\\\/osteoporosis\\\/\",\"url\":\"https:\\\/\\\/diamondclinic.eu\\\/en\\\/osteoporosis\\\/\",\"name\":\"Osteoporosis - Diamond Clinic\",\"isPartOf\":{\"@id\":\"https:\\\/\\\/diamondclinic.eu\\\/#website\"},\"primaryImageOfPage\":{\"@id\":\"https:\\\/\\\/diamondclinic.eu\\\/en\\\/osteoporosis\\\/#primaryimage\"},\"image\":{\"@id\":\"https:\\\/\\\/diamondclinic.eu\\\/en\\\/osteoporosis\\\/#primaryimage\"},\"thumbnailUrl\":\"https:\\\/\\\/diamondclinic.eu\\\/wp-content\\\/uploads\\\/2022\\\/05\\\/badania-kliniczne-3.jpg\",\"datePublished\":\"2022-05-22T19:05:52+00:00\",\"dateModified\":\"2022-08-02T01:39:36+00:00\",\"breadcrumb\":{\"@id\":\"https:\\\/\\\/diamondclinic.eu\\\/en\\\/osteoporosis\\\/#breadcrumb\"},\"inLanguage\":\"en-US\",\"potentialAction\":[{\"@type\":\"ReadAction\",\"target\":[\"https:\\\/\\\/diamondclinic.eu\\\/en\\\/osteoporosis\\\/\"]}]},{\"@type\":\"ImageObject\",\"inLanguage\":\"en-US\",\"@id\":\"https:\\\/\\\/diamondclinic.eu\\\/en\\\/osteoporosis\\\/#primaryimage\",\"url\":\"https:\\\/\\\/diamondclinic.eu\\\/wp-content\\\/uploads\\\/2022\\\/05\\\/badania-kliniczne-3.jpg\",\"contentUrl\":\"https:\\\/\\\/diamondclinic.eu\\\/wp-content\\\/uploads\\\/2022\\\/05\\\/badania-kliniczne-3.jpg\",\"width\":300,\"height\":300},{\"@type\":\"BreadcrumbList\",\"@id\":\"https:\\\/\\\/diamondclinic.eu\\\/en\\\/osteoporosis\\\/#breadcrumb\",\"itemListElement\":[{\"@type\":\"ListItem\",\"position\":1,\"name\":\"Strona g\u0142\u00f3wna\",\"item\":\"https:\\\/\\\/diamondclinic.eu\\\/en\\\/\"},{\"@type\":\"ListItem\",\"position\":2,\"name\":\"Osteoporosis\"}]},{\"@type\":\"WebSite\",\"@id\":\"https:\\\/\\\/diamondclinic.eu\\\/#website\",\"url\":\"https:\\\/\\\/diamondclinic.eu\\\/\",\"name\":\"Diamond Clinic\",\"description\":\"\",\"potentialAction\":[{\"@type\":\"SearchAction\",\"target\":{\"@type\":\"EntryPoint\",\"urlTemplate\":\"https:\\\/\\\/diamondclinic.eu\\\/?s={search_term_string}\"},\"query-input\":{\"@type\":\"PropertyValueSpecification\",\"valueRequired\":true,\"valueName\":\"search_term_string\"}}],\"inLanguage\":\"en-US\"}]}<\/script>\n<!-- \/ Yoast SEO plugin. -->","yoast_head_json":{"title":"Osteoporosis - Diamond Clinic","robots":{"index":"index","follow":"follow","max-snippet":"max-snippet:-1","max-image-preview":"max-image-preview:large","max-video-preview":"max-video-preview:-1"},"canonical":"https:\/\/diamondclinic.eu\/en\/osteoporosis\/","og_locale":"en_US","og_type":"article","og_title":"Osteoporosis - Diamond Clinic","og_url":"https:\/\/diamondclinic.eu\/en\/osteoporosis\/","og_site_name":"Diamond Clinic","article_modified_time":"2022-08-02T01:39:36+00:00","og_image":[{"width":300,"height":300,"url":"https:\/\/diamondclinic.eu\/wp-content\/uploads\/2022\/05\/badania-kliniczne-3.jpg","type":"image\/jpeg"}],"twitter_card":"summary_large_image","twitter_misc":{"Est. reading time":"3 minutes"},"schema":{"@context":"https:\/\/schema.org","@graph":[{"@type":"WebPage","@id":"https:\/\/diamondclinic.eu\/en\/osteoporosis\/","url":"https:\/\/diamondclinic.eu\/en\/osteoporosis\/","name":"Osteoporosis - Diamond Clinic","isPartOf":{"@id":"https:\/\/diamondclinic.eu\/#website"},"primaryImageOfPage":{"@id":"https:\/\/diamondclinic.eu\/en\/osteoporosis\/#primaryimage"},"image":{"@id":"https:\/\/diamondclinic.eu\/en\/osteoporosis\/#primaryimage"},"thumbnailUrl":"https:\/\/diamondclinic.eu\/wp-content\/uploads\/2022\/05\/badania-kliniczne-3.jpg","datePublished":"2022-05-22T19:05:52+00:00","dateModified":"2022-08-02T01:39:36+00:00","breadcrumb":{"@id":"https:\/\/diamondclinic.eu\/en\/osteoporosis\/#breadcrumb"},"inLanguage":"en-US","potentialAction":[{"@type":"ReadAction","target":["https:\/\/diamondclinic.eu\/en\/osteoporosis\/"]}]},{"@type":"ImageObject","inLanguage":"en-US","@id":"https:\/\/diamondclinic.eu\/en\/osteoporosis\/#primaryimage","url":"https:\/\/diamondclinic.eu\/wp-content\/uploads\/2022\/05\/badania-kliniczne-3.jpg","contentUrl":"https:\/\/diamondclinic.eu\/wp-content\/uploads\/2022\/05\/badania-kliniczne-3.jpg","width":300,"height":300},{"@type":"BreadcrumbList","@id":"https:\/\/diamondclinic.eu\/en\/osteoporosis\/#breadcrumb","itemListElement":[{"@type":"ListItem","position":1,"name":"Strona g\u0142\u00f3wna","item":"https:\/\/diamondclinic.eu\/en\/"},{"@type":"ListItem","position":2,"name":"Osteoporosis"}]},{"@type":"WebSite","@id":"https:\/\/diamondclinic.eu\/#website","url":"https:\/\/diamondclinic.eu\/","name":"Diamond Clinic","description":"","potentialAction":[{"@type":"SearchAction","target":{"@type":"EntryPoint","urlTemplate":"https:\/\/diamondclinic.eu\/?s={search_term_string}"},"query-input":{"@type":"PropertyValueSpecification","valueRequired":true,"valueName":"search_term_string"}}],"inLanguage":"en-US"}]}},"_links":{"self":[{"href":"https:\/\/diamondclinic.eu\/en\/wp-json\/wp\/v2\/pages\/533","targetHints":{"allow":["GET"]}}],"collection":[{"href":"https:\/\/diamondclinic.eu\/en\/wp-json\/wp\/v2\/pages"}],"about":[{"href":"https:\/\/diamondclinic.eu\/en\/wp-json\/wp\/v2\/types\/page"}],"author":[{"embeddable":true,"href":"https:\/\/diamondclinic.eu\/en\/wp-json\/wp\/v2\/users\/1"}],"replies":[{"embeddable":true,"href":"https:\/\/diamondclinic.eu\/en\/wp-json\/wp\/v2\/comments?post=533"}],"version-history":[{"count":2,"href":"https:\/\/diamondclinic.eu\/en\/wp-json\/wp\/v2\/pages\/533\/revisions"}],"predecessor-version":[{"id":535,"href":"https:\/\/diamondclinic.eu\/en\/wp-json\/wp\/v2\/pages\/533\/revisions\/535"}],"wp:featuredmedia":[{"embeddable":true,"href":"https:\/\/diamondclinic.eu\/en\/wp-json\/wp\/v2\/media\/437"}],"wp:attachment":[{"href":"https:\/\/diamondclinic.eu\/en\/wp-json\/wp\/v2\/media?parent=533"}],"curies":[{"name":"wp","href":"https:\/\/api.w.org\/{rel}","templated":true}]}}