{"id":531,"date":"2022-05-23T00:11:25","date_gmt":"2022-05-22T22:11:25","guid":{"rendered":"https:\/\/diamondclinic.eu\/nadcisnienie-tetnicze\/"},"modified":"2022-08-02T03:37:16","modified_gmt":"2022-08-02T01:37:16","slug":"arterial-hypertension","status":"publish","type":"page","link":"https:\/\/diamondclinic.eu\/en\/arterial-hypertension\/","title":{"rendered":"Arterial hypertension"},"content":{"rendered":"<section class=\"l-section wpb_row mainphoto height_medium full_height valign_center with_img\"><div class=\"l-section-img\" role=\"img\" data-img-width=\"1920\" data-img-height=\"1000\" style=\"background-image: url(https:\/\/diamondclinic.eu\/wp-content\/uploads\/2022\/06\/nadcisnienie-1.jpg);\"><\/div><div class=\"l-section-h i-cf\"><div class=\"g-cols vc_row via_flex valign_top type_default stacking_default\"><div class=\"vc_col-sm-7 wpb_column vc_column_container\"><div class=\"vc_column-inner\"><div class=\"wpb_wrapper\"><div class=\"g-cols wpb_row us_custom_4fb9e5a3 via_flex valign_top type_boxes stacking_default\"><div class=\"vc_col-sm-12 wpb_column vc_column_container\"><div class=\"vc_column-inner\"><div class=\"wpb_wrapper\"><div class=\"wpb_text_column us_custom_8535c5f4\"><div class=\"wpb_wrapper\"><h1>Arterial hypertension<\/h1>\n<\/div><\/div><div class=\"w-separator us_custom_f350ef14 has_text_color size_custom with_line width_default thick_1 style_solid color_text align_center\" style=\"height:34px\"><div class=\"w-separator-h\"><\/div><\/div><div class=\"w-btn-wrapper align_none\"><a class=\"w-btn us-btn-style_2\" href=\"#kontakt\"><span class=\"w-btn-label\">Contact us<\/span><\/a><\/div><\/div><\/div><\/div><\/div><\/div><\/div><\/div><\/div><\/div><\/section><section class=\"l-section wpb_row us_custom_edddf27a height_large\"><div class=\"l-section-h i-cf\"><div class=\"g-cols vc_row via_flex valign_top type_default stacking_default\"><div class=\"vc_col-sm-12 wpb_column vc_column_container\"><div class=\"vc_column-inner\"><div class=\"wpb_wrapper\"><div class=\"wpb_text_column us_custom_eb849559\"><div class=\"wpb_wrapper\"><h2>Arterial hypertension<\/h2>\n<\/div><\/div><div class=\"g-cols wpb_row us_custom_3bd30271 via_flex valign_middle type_default stacking_default\" style=\"--additional-gap:20px;\"><div class=\"vc_col-sm-6 wpb_column vc_column_container\"><div class=\"vc_column-inner\"><div class=\"wpb_wrapper\"><div class=\"wpb_text_column ul-sp\"><div class=\"wpb_wrapper\"><p><strong>Nadci\u015bnienie t\u0119tnicze<\/strong> to choroba charakteryzuj\u0105ca si\u0119 podwy\u017cszonym ci\u015bnieniem krwi, czyli ci\u015bnieniem t\u0119tniczym o warto\u015bci 140\/90 mm Hg lub wi\u0119cej. Chorob\u0119 t\u0119 rozpoznaje si\u0119 na podstawie kilkukrotnych pomiar\u00f3w ci\u015bnienia krwi, wykonywanych zazwyczaj w kilkudniowych lub kilkutygodniowych odst\u0119pach.<br \/>\nNadci\u015bnienia t\u0119tniczego nie mo\u017cna zdiagnozowa\u0107, opieraj\u0105c si\u0119 na pojedynczym pomiarze ci\u015bnienia krwi.<\/p>\n<\/div><\/div><\/div><\/div><\/div><div class=\"vc_col-sm-6 wpb_column vc_column_container\"><div class=\"vc_column-inner\"><div class=\"wpb_wrapper\"><div class=\"w-image align_center\"><div class=\"w-image-h\"><img loading=\"lazy\" decoding=\"async\" width=\"580\" height=\"485\" src=\"https:\/\/diamondclinic.eu\/wp-content\/uploads\/2022\/06\/nadcisnienie-2.jpg\" class=\"attachment-full size-full\" alt=\"\" srcset=\"https:\/\/diamondclinic.eu\/wp-content\/uploads\/2022\/06\/nadcisnienie-2.jpg 580w, https:\/\/diamondclinic.eu\/wp-content\/uploads\/2022\/06\/nadcisnienie-2-300x251.jpg 300w\" sizes=\"auto, (max-width: 580px) 100vw, 580px\" \/><\/div><\/div><\/div><\/div><\/div><\/div><div class=\"g-cols wpb_row via_flex valign_middle type_default reversed stacking_default\" style=\"--additional-gap:20px;\"><div class=\"vc_col-sm-6 wpb_column vc_column_container\"><div class=\"vc_column-inner\"><div class=\"wpb_wrapper\"><div class=\"w-image align_center\"><div class=\"w-image-h\"><img loading=\"lazy\" decoding=\"async\" width=\"580\" height=\"485\" src=\"https:\/\/diamondclinic.eu\/wp-content\/uploads\/2022\/06\/nadcisnienie-3.jpg\" class=\"attachment-full size-full\" alt=\"\" srcset=\"https:\/\/diamondclinic.eu\/wp-content\/uploads\/2022\/06\/nadcisnienie-3.jpg 580w, https:\/\/diamondclinic.eu\/wp-content\/uploads\/2022\/06\/nadcisnienie-3-300x251.jpg 300w\" sizes=\"auto, (max-width: 580px) 100vw, 580px\" \/><\/div><\/div><\/div><\/div><\/div><div class=\"vc_col-sm-6 wpb_column vc_column_container\"><div class=\"vc_column-inner\"><div class=\"wpb_wrapper\"><div class=\"wpb_text_column ul-sp\"><div class=\"wpb_wrapper\"><p>U wi\u0119kszo\u015bci chorych nie stwierdza si\u0119 konkretnej przyczyny rozwoju nadci\u015bnienia t\u0119tniczego. Na jego podwy\u017cszone warto\u015bci mo\u017ce wp\u0142ywa\u0107 wiele czynnik\u00f3w:<\/p>\n<ul>\n<li aria-level=\"1\">dziedziczna sk\u0142onno\u015b\u0107<\/li>\n<li aria-level=\"1\">oty\u0142o\u015b\u0107, zw\u0142aszcza tzw. oty\u0142o\u015b\u0107 brzuszna (zwi\u0119kszenie obwodu brzucha)<\/li>\n<li aria-level=\"1\">du\u017ce spo\u017cycie soli<\/li>\n<li aria-level=\"1\">proces starzenia si\u0119 organizmu.<\/li>\n<\/ul>\n<p>Nadci\u015bnienie t\u0119tnicze jest chorob\u0105 cz\u0119st\u0105, w populacji og\u00f3lnej doros\u0142ych Polak\u00f3w &lt;80. r\u017c. wyst\u0119puje u 32% os\u00f3b, (czyli mniej wi\u0119cej, u co trzeciej osoby). Cz\u0119\u015bciej choruj\u0105 m\u0119\u017cczy\u017ani.<\/p>\n<\/div><\/div><\/div><\/div><\/div><\/div><\/div><\/div><\/div><\/div><\/div><\/section><section class=\"l-section wpb_row height_auto\" id=\"kontakt\"><div class=\"l-section-h i-cf\"><div class=\"g-cols vc_row via_flex valign_middle type_default stacking_default\"><div class=\"vc_col-sm-6 wpb_column vc_column_container\"><div class=\"vc_column-inner us_custom_d392eac1\"><div class=\"wpb_wrapper\"><div class=\"wpb_text_column us_custom_eb849559\"><div class=\"wpb_wrapper\"><h2>CONTACT US<\/h2>\n<p>Je\u015bli cierpisz na nadci\u015bnienie t\u0119tnicze, chcesz sprawdzi\u0107 czy kwalifikujesz si\u0119 do programu lekowego, skontaktuj si\u0119:<\/p>\n<\/div><\/div><div class=\"wpb_text_column us_custom_9efe62c2\"><div class=\"wpb_wrapper\"><p>Zadzwo\u0144: <strong><a href=\"tel:571241412\">+ 48 571 241 412<\/a><\/strong><br \/>\nNapisz: <strong><a href=\"mailto:biuro@diamondclinic.eu\">biuro@diamondclinic.eu<\/a><\/strong><\/p>\n<\/div><\/div><\/div><\/div><\/div><div class=\"vc_col-sm-6 wpb_column vc_column_container\"><div class=\"vc_column-inner\"><div class=\"wpb_wrapper\"><div class=\"w-image us_custom_4b68feab align_center\"><div class=\"w-image-h\"><img loading=\"lazy\" decoding=\"async\" width=\"500\" height=\"648\" src=\"https:\/\/diamondclinic.eu\/wp-content\/uploads\/2022\/06\/zdj-rejestracja.jpg\" class=\"attachment-full size-full\" alt=\"\" srcset=\"https:\/\/diamondclinic.eu\/wp-content\/uploads\/2022\/06\/zdj-rejestracja.jpg 500w, https:\/\/diamondclinic.eu\/wp-content\/uploads\/2022\/06\/zdj-rejestracja-231x300.jpg 231w\" sizes=\"auto, (max-width: 500px) 100vw, 500px\" \/><\/div><\/div><\/div><\/div><\/div><\/div><\/div><\/section>\n","protected":false},"excerpt":{"rendered":"Arterial hypertension Contact usArterial hypertension Nadci\u015bnienie t\u0119tnicze to choroba charakteryzuj\u0105ca si\u0119 podwy\u017cszonym ci\u015bnieniem krwi, czyli ci\u015bnieniem t\u0119tniczym o warto\u015bci 140\/90 mm Hg lub wi\u0119cej. Chorob\u0119 t\u0119 rozpoznaje si\u0119 na podstawie kilkukrotnych pomiar\u00f3w ci\u015bnienia krwi, wykonywanych zazwyczaj w kilkudniowych lub kilkutygodniowych odst\u0119pach. Nadci\u015bnienia t\u0119tniczego nie mo\u017cna zdiagnozowa\u0107, opieraj\u0105c si\u0119 na pojedynczym pomiarze ci\u015bnienia krwi. U wi\u0119kszo\u015bci...","protected":false},"author":1,"featured_media":447,"parent":0,"menu_order":0,"comment_status":"closed","ping_status":"closed","template":"","meta":{"footnotes":""},"class_list":["post-531","page","type-page","status-publish","has-post-thumbnail","hentry"],"acf":[],"yoast_head":"<!-- This site is optimized with the Yoast SEO plugin v27.4 - https:\/\/yoast.com\/product\/yoast-seo-wordpress\/ -->\n<title>Arterial hypertension - Diamond Clinic<\/title>\n<meta name=\"robots\" content=\"index, follow, max-snippet:-1, max-image-preview:large, max-video-preview:-1\" \/>\n<link rel=\"canonical\" href=\"https:\/\/diamondclinic.eu\/en\/arterial-hypertension\/\" \/>\n<meta property=\"og:locale\" content=\"en_US\" \/>\n<meta property=\"og:type\" content=\"article\" \/>\n<meta property=\"og:title\" content=\"Arterial hypertension - Diamond Clinic\" \/>\n<meta property=\"og:url\" content=\"https:\/\/diamondclinic.eu\/en\/arterial-hypertension\/\" \/>\n<meta property=\"og:site_name\" content=\"Diamond Clinic\" \/>\n<meta property=\"article:modified_time\" content=\"2022-08-02T01:37:16+00:00\" \/>\n<meta property=\"og:image\" content=\"https:\/\/diamondclinic.eu\/wp-content\/uploads\/2022\/05\/badania-kliniczne-10.jpg\" \/>\n\t<meta property=\"og:image:width\" content=\"300\" \/>\n\t<meta property=\"og:image:height\" content=\"300\" \/>\n\t<meta property=\"og:image:type\" content=\"image\/jpeg\" \/>\n<meta name=\"twitter:card\" content=\"summary_large_image\" \/>\n<meta name=\"twitter:label1\" content=\"Est. reading time\" \/>\n\t<meta name=\"twitter:data1\" content=\"2 minutes\" \/>\n<script type=\"application\/ld+json\" class=\"yoast-schema-graph\">{\"@context\":\"https:\\\/\\\/schema.org\",\"@graph\":[{\"@type\":\"WebPage\",\"@id\":\"https:\\\/\\\/diamondclinic.eu\\\/en\\\/arterial-hypertension\\\/\",\"url\":\"https:\\\/\\\/diamondclinic.eu\\\/en\\\/arterial-hypertension\\\/\",\"name\":\"Arterial hypertension - Diamond Clinic\",\"isPartOf\":{\"@id\":\"https:\\\/\\\/diamondclinic.eu\\\/#website\"},\"primaryImageOfPage\":{\"@id\":\"https:\\\/\\\/diamondclinic.eu\\\/en\\\/arterial-hypertension\\\/#primaryimage\"},\"image\":{\"@id\":\"https:\\\/\\\/diamondclinic.eu\\\/en\\\/arterial-hypertension\\\/#primaryimage\"},\"thumbnailUrl\":\"https:\\\/\\\/diamondclinic.eu\\\/wp-content\\\/uploads\\\/2022\\\/05\\\/badania-kliniczne-10.jpg\",\"datePublished\":\"2022-05-22T22:11:25+00:00\",\"dateModified\":\"2022-08-02T01:37:16+00:00\",\"breadcrumb\":{\"@id\":\"https:\\\/\\\/diamondclinic.eu\\\/en\\\/arterial-hypertension\\\/#breadcrumb\"},\"inLanguage\":\"en-US\",\"potentialAction\":[{\"@type\":\"ReadAction\",\"target\":[\"https:\\\/\\\/diamondclinic.eu\\\/en\\\/arterial-hypertension\\\/\"]}]},{\"@type\":\"ImageObject\",\"inLanguage\":\"en-US\",\"@id\":\"https:\\\/\\\/diamondclinic.eu\\\/en\\\/arterial-hypertension\\\/#primaryimage\",\"url\":\"https:\\\/\\\/diamondclinic.eu\\\/wp-content\\\/uploads\\\/2022\\\/05\\\/badania-kliniczne-10.jpg\",\"contentUrl\":\"https:\\\/\\\/diamondclinic.eu\\\/wp-content\\\/uploads\\\/2022\\\/05\\\/badania-kliniczne-10.jpg\",\"width\":300,\"height\":300},{\"@type\":\"BreadcrumbList\",\"@id\":\"https:\\\/\\\/diamondclinic.eu\\\/en\\\/arterial-hypertension\\\/#breadcrumb\",\"itemListElement\":[{\"@type\":\"ListItem\",\"position\":1,\"name\":\"Strona g\u0142\u00f3wna\",\"item\":\"https:\\\/\\\/diamondclinic.eu\\\/en\\\/\"},{\"@type\":\"ListItem\",\"position\":2,\"name\":\"Arterial hypertension\"}]},{\"@type\":\"WebSite\",\"@id\":\"https:\\\/\\\/diamondclinic.eu\\\/#website\",\"url\":\"https:\\\/\\\/diamondclinic.eu\\\/\",\"name\":\"Diamond Clinic\",\"description\":\"\",\"potentialAction\":[{\"@type\":\"SearchAction\",\"target\":{\"@type\":\"EntryPoint\",\"urlTemplate\":\"https:\\\/\\\/diamondclinic.eu\\\/?s={search_term_string}\"},\"query-input\":{\"@type\":\"PropertyValueSpecification\",\"valueRequired\":true,\"valueName\":\"search_term_string\"}}],\"inLanguage\":\"en-US\"}]}<\/script>\n<!-- \/ Yoast SEO plugin. -->","yoast_head_json":{"title":"Arterial hypertension - Diamond Clinic","robots":{"index":"index","follow":"follow","max-snippet":"max-snippet:-1","max-image-preview":"max-image-preview:large","max-video-preview":"max-video-preview:-1"},"canonical":"https:\/\/diamondclinic.eu\/en\/arterial-hypertension\/","og_locale":"en_US","og_type":"article","og_title":"Arterial hypertension - Diamond Clinic","og_url":"https:\/\/diamondclinic.eu\/en\/arterial-hypertension\/","og_site_name":"Diamond Clinic","article_modified_time":"2022-08-02T01:37:16+00:00","og_image":[{"width":300,"height":300,"url":"https:\/\/diamondclinic.eu\/wp-content\/uploads\/2022\/05\/badania-kliniczne-10.jpg","type":"image\/jpeg"}],"twitter_card":"summary_large_image","twitter_misc":{"Est. reading time":"2 minutes"},"schema":{"@context":"https:\/\/schema.org","@graph":[{"@type":"WebPage","@id":"https:\/\/diamondclinic.eu\/en\/arterial-hypertension\/","url":"https:\/\/diamondclinic.eu\/en\/arterial-hypertension\/","name":"Arterial hypertension - Diamond Clinic","isPartOf":{"@id":"https:\/\/diamondclinic.eu\/#website"},"primaryImageOfPage":{"@id":"https:\/\/diamondclinic.eu\/en\/arterial-hypertension\/#primaryimage"},"image":{"@id":"https:\/\/diamondclinic.eu\/en\/arterial-hypertension\/#primaryimage"},"thumbnailUrl":"https:\/\/diamondclinic.eu\/wp-content\/uploads\/2022\/05\/badania-kliniczne-10.jpg","datePublished":"2022-05-22T22:11:25+00:00","dateModified":"2022-08-02T01:37:16+00:00","breadcrumb":{"@id":"https:\/\/diamondclinic.eu\/en\/arterial-hypertension\/#breadcrumb"},"inLanguage":"en-US","potentialAction":[{"@type":"ReadAction","target":["https:\/\/diamondclinic.eu\/en\/arterial-hypertension\/"]}]},{"@type":"ImageObject","inLanguage":"en-US","@id":"https:\/\/diamondclinic.eu\/en\/arterial-hypertension\/#primaryimage","url":"https:\/\/diamondclinic.eu\/wp-content\/uploads\/2022\/05\/badania-kliniczne-10.jpg","contentUrl":"https:\/\/diamondclinic.eu\/wp-content\/uploads\/2022\/05\/badania-kliniczne-10.jpg","width":300,"height":300},{"@type":"BreadcrumbList","@id":"https:\/\/diamondclinic.eu\/en\/arterial-hypertension\/#breadcrumb","itemListElement":[{"@type":"ListItem","position":1,"name":"Strona g\u0142\u00f3wna","item":"https:\/\/diamondclinic.eu\/en\/"},{"@type":"ListItem","position":2,"name":"Arterial hypertension"}]},{"@type":"WebSite","@id":"https:\/\/diamondclinic.eu\/#website","url":"https:\/\/diamondclinic.eu\/","name":"Diamond Clinic","description":"","potentialAction":[{"@type":"SearchAction","target":{"@type":"EntryPoint","urlTemplate":"https:\/\/diamondclinic.eu\/?s={search_term_string}"},"query-input":{"@type":"PropertyValueSpecification","valueRequired":true,"valueName":"search_term_string"}}],"inLanguage":"en-US"}]}},"_links":{"self":[{"href":"https:\/\/diamondclinic.eu\/en\/wp-json\/wp\/v2\/pages\/531","targetHints":{"allow":["GET"]}}],"collection":[{"href":"https:\/\/diamondclinic.eu\/en\/wp-json\/wp\/v2\/pages"}],"about":[{"href":"https:\/\/diamondclinic.eu\/en\/wp-json\/wp\/v2\/types\/page"}],"author":[{"embeddable":true,"href":"https:\/\/diamondclinic.eu\/en\/wp-json\/wp\/v2\/users\/1"}],"replies":[{"embeddable":true,"href":"https:\/\/diamondclinic.eu\/en\/wp-json\/wp\/v2\/comments?post=531"}],"version-history":[{"count":1,"href":"https:\/\/diamondclinic.eu\/en\/wp-json\/wp\/v2\/pages\/531\/revisions"}],"predecessor-version":[{"id":532,"href":"https:\/\/diamondclinic.eu\/en\/wp-json\/wp\/v2\/pages\/531\/revisions\/532"}],"wp:featuredmedia":[{"embeddable":true,"href":"https:\/\/diamondclinic.eu\/en\/wp-json\/wp\/v2\/media\/447"}],"wp:attachment":[{"href":"https:\/\/diamondclinic.eu\/en\/wp-json\/wp\/v2\/media?parent=531"}],"curies":[{"name":"wp","href":"https:\/\/api.w.org\/{rel}","templated":true}]}}