{"id":524,"date":"2022-05-22T21:31:48","date_gmt":"2022-05-22T19:31:48","guid":{"rendered":"https:\/\/diamondclinic.eu\/kontakt\/"},"modified":"2022-08-04T08:20:42","modified_gmt":"2022-08-04T06:20:42","slug":"contact","status":"publish","type":"page","link":"https:\/\/diamondclinic.eu\/en\/contact\/","title":{"rendered":"Contact"},"content":{"rendered":"<section class=\"l-section wpb_row height_large\"><div class=\"l-section-h i-cf\"><div class=\"g-cols vc_row via_flex valign_middle type_default stacking_default\"><div class=\"vc_col-sm-2 vc_hidden-xs wpb_column vc_column_container stretched\"><div class=\"vc_column-inner us_custom_ed1d14ae\"><div class=\"wpb_wrapper\"><div class=\"w-image us_custom_5021ea75 align_left\"><div class=\"w-image-h\"><img loading=\"lazy\" decoding=\"async\" width=\"232\" height=\"442\" src=\"https:\/\/diamondclinic.eu\/wp-content\/uploads\/2022\/05\/diemant-lewy.png\" class=\"attachment-large size-large\" alt=\"\" srcset=\"https:\/\/diamondclinic.eu\/wp-content\/uploads\/2022\/05\/diemant-lewy.png 232w, https:\/\/diamondclinic.eu\/wp-content\/uploads\/2022\/05\/diemant-lewy-157x300.png 157w\" sizes=\"auto, (max-width: 232px) 100vw, 232px\" \/><\/div><\/div><\/div><\/div><\/div><div class=\"vc_col-sm-8 wpb_column vc_column_container\"><div class=\"vc_column-inner\"><div class=\"wpb_wrapper\"><div class=\"wpb_text_column us_custom_eb849559\"><div class=\"wpb_wrapper\"><h1>Contact<\/h1>\n<\/div><\/div><div class=\"g-cols wpb_row kontakt-row via_flex valign_top type_default stacking_default\"><div class=\"vc_col-sm-6 wpb_column vc_column_container\"><div class=\"vc_column-inner\"><div class=\"wpb_wrapper\"><div class=\"w-image align_center\"><div class=\"w-image-h\"><img loading=\"lazy\" decoding=\"async\" width=\"70\" height=\"70\" src=\"https:\/\/diamondclinic.eu\/wp-content\/uploads\/2022\/05\/ikona-adres.png\" class=\"attachment-large size-large\" alt=\"\" \/><\/div><\/div><div class=\"wpb_text_column us_custom_eb849559\"><div class=\"wpb_wrapper\"><div><strong>Diamond Clinic<br \/>\n<\/strong>Sp\u00f3\u0142ka z ograniczon\u0105 odpowiedzialno\u015bci\u0105<\/div>\n<div>ul. S. Rogozi\u0144skiego 6\/U3, U14<\/div>\n<div>31-559 Krak\u00f3w<br \/>\n(Graffit House)<br \/>\nNIP: 675-176-04-01<br \/>\nREGON: 120413380<\/div>\n<\/div><\/div><\/div><\/div><\/div><div class=\"vc_col-sm-6 wpb_column vc_column_container\"><div class=\"vc_column-inner\"><div class=\"wpb_wrapper\"><div class=\"w-image align_center\"><div class=\"w-image-h\"><img loading=\"lazy\" decoding=\"async\" width=\"70\" height=\"70\" src=\"https:\/\/diamondclinic.eu\/wp-content\/uploads\/2022\/05\/ikona-telefony.png\" class=\"attachment-large size-large\" alt=\"\" \/><\/div><\/div><div class=\"wpb_text_column us_custom_eb849559\"><div class=\"wpb_wrapper\"><p>Phone: +48 571 241 412<br \/>\nFax: +48 126 371 533<br \/>\nEmail: biuro@diamondclinic.eu<\/p>\n<p><strong>OPENING HOURS:<\/strong><br \/>\nMonday &#8211; Friday: 7:00 &#8211; 17:00<\/p>\n<\/div><\/div><\/div><\/div><\/div><\/div><\/div><\/div><\/div><div class=\"vc_col-sm-2 vc_hidden-xs wpb_column vc_column_container stretched\"><div class=\"vc_column-inner us_custom_e6b302da\"><div class=\"wpb_wrapper\"><div class=\"w-image us_custom_8be5b55e align_right\"><div class=\"w-image-h\"><img loading=\"lazy\" decoding=\"async\" width=\"317\" height=\"455\" src=\"https:\/\/diamondclinic.eu\/wp-content\/uploads\/2022\/05\/diament-prawy.png\" class=\"attachment-large size-large\" alt=\"\" srcset=\"https:\/\/diamondclinic.eu\/wp-content\/uploads\/2022\/05\/diament-prawy.png 317w, https:\/\/diamondclinic.eu\/wp-content\/uploads\/2022\/05\/diament-prawy-209x300.png 209w\" sizes=\"auto, (max-width: 317px) 100vw, 317px\" \/><\/div><\/div><\/div><\/div><\/div><\/div><\/div><\/section>\n","protected":false},"excerpt":{"rendered":"Contact Diamond Clinic Sp\u00f3\u0142ka z ograniczon\u0105 odpowiedzialno\u015bci\u0105 ul. S. Rogozi\u0144skiego 6\/U3, U14 31-559 Krak\u00f3w (Graffit House) NIP: 675-176-04-01 REGON: 120413380 Phone: +48 571 241 412 Fax: +48 126 371 533 Email: biuro@diamondclinic.eu OPENING HOURS: Monday &#8211; Friday: 7:00 &#8211; 17:00","protected":false},"author":1,"featured_media":0,"parent":0,"menu_order":0,"comment_status":"closed","ping_status":"closed","template":"","meta":{"footnotes":""},"class_list":["post-524","page","type-page","status-publish","hentry"],"acf":[],"yoast_head":"<!-- This site is optimized with the Yoast SEO plugin v27.6 - https:\/\/yoast.com\/product\/yoast-seo-wordpress\/ -->\n<title>Contact - Diamond Clinic<\/title>\n<meta name=\"robots\" content=\"index, follow, max-snippet:-1, max-image-preview:large, max-video-preview:-1\" \/>\n<link rel=\"canonical\" href=\"https:\/\/diamondclinic.eu\/en\/contact\/\" \/>\n<meta property=\"og:locale\" content=\"en_US\" \/>\n<meta property=\"og:type\" content=\"article\" \/>\n<meta property=\"og:title\" content=\"Contact - Diamond Clinic\" \/>\n<meta property=\"og:url\" content=\"https:\/\/diamondclinic.eu\/en\/contact\/\" \/>\n<meta property=\"og:site_name\" content=\"Diamond Clinic\" \/>\n<meta property=\"article:modified_time\" content=\"2022-08-04T06:20:42+00:00\" \/>\n<meta property=\"og:image\" content=\"https:\/\/diamondclinic.eu\/wp-content\/uploads\/2022\/05\/fb-obrazek.png\" \/>\n\t<meta property=\"og:image:width\" content=\"600\" \/>\n\t<meta property=\"og:image:height\" content=\"315\" \/>\n\t<meta property=\"og:image:type\" content=\"image\/png\" \/>\n<meta name=\"twitter:card\" content=\"summary_large_image\" \/>\n<meta name=\"twitter:label1\" content=\"Est. reading time\" \/>\n\t<meta name=\"twitter:data1\" content=\"1 minute\" \/>\n<script type=\"application\/ld+json\" class=\"yoast-schema-graph\">{\"@context\":\"https:\\\/\\\/schema.org\",\"@graph\":[{\"@type\":\"WebPage\",\"@id\":\"https:\\\/\\\/diamondclinic.eu\\\/en\\\/contact\\\/\",\"url\":\"https:\\\/\\\/diamondclinic.eu\\\/en\\\/contact\\\/\",\"name\":\"Contact - Diamond Clinic\",\"isPartOf\":{\"@id\":\"https:\\\/\\\/diamondclinic.eu\\\/#website\"},\"datePublished\":\"2022-05-22T19:31:48+00:00\",\"dateModified\":\"2022-08-04T06:20:42+00:00\",\"breadcrumb\":{\"@id\":\"https:\\\/\\\/diamondclinic.eu\\\/en\\\/contact\\\/#breadcrumb\"},\"inLanguage\":\"en-US\",\"potentialAction\":[{\"@type\":\"ReadAction\",\"target\":[\"https:\\\/\\\/diamondclinic.eu\\\/en\\\/contact\\\/\"]}]},{\"@type\":\"BreadcrumbList\",\"@id\":\"https:\\\/\\\/diamondclinic.eu\\\/en\\\/contact\\\/#breadcrumb\",\"itemListElement\":[{\"@type\":\"ListItem\",\"position\":1,\"name\":\"Strona g\u0142\u00f3wna\",\"item\":\"https:\\\/\\\/diamondclinic.eu\\\/en\\\/\"},{\"@type\":\"ListItem\",\"position\":2,\"name\":\"Contact\"}]},{\"@type\":\"WebSite\",\"@id\":\"https:\\\/\\\/diamondclinic.eu\\\/#website\",\"url\":\"https:\\\/\\\/diamondclinic.eu\\\/\",\"name\":\"Diamond Clinic\",\"description\":\"\",\"potentialAction\":[{\"@type\":\"SearchAction\",\"target\":{\"@type\":\"EntryPoint\",\"urlTemplate\":\"https:\\\/\\\/diamondclinic.eu\\\/?s={search_term_string}\"},\"query-input\":{\"@type\":\"PropertyValueSpecification\",\"valueRequired\":true,\"valueName\":\"search_term_string\"}}],\"inLanguage\":\"en-US\"}]}<\/script>\n<!-- \/ Yoast SEO plugin. -->","yoast_head_json":{"title":"Contact - Diamond Clinic","robots":{"index":"index","follow":"follow","max-snippet":"max-snippet:-1","max-image-preview":"max-image-preview:large","max-video-preview":"max-video-preview:-1"},"canonical":"https:\/\/diamondclinic.eu\/en\/contact\/","og_locale":"en_US","og_type":"article","og_title":"Contact - Diamond Clinic","og_url":"https:\/\/diamondclinic.eu\/en\/contact\/","og_site_name":"Diamond Clinic","article_modified_time":"2022-08-04T06:20:42+00:00","og_image":[{"width":600,"height":315,"url":"https:\/\/diamondclinic.eu\/wp-content\/uploads\/2022\/05\/fb-obrazek.png","type":"image\/png"}],"twitter_card":"summary_large_image","twitter_misc":{"Est. reading time":"1 minute"},"schema":{"@context":"https:\/\/schema.org","@graph":[{"@type":"WebPage","@id":"https:\/\/diamondclinic.eu\/en\/contact\/","url":"https:\/\/diamondclinic.eu\/en\/contact\/","name":"Contact - Diamond Clinic","isPartOf":{"@id":"https:\/\/diamondclinic.eu\/#website"},"datePublished":"2022-05-22T19:31:48+00:00","dateModified":"2022-08-04T06:20:42+00:00","breadcrumb":{"@id":"https:\/\/diamondclinic.eu\/en\/contact\/#breadcrumb"},"inLanguage":"en-US","potentialAction":[{"@type":"ReadAction","target":["https:\/\/diamondclinic.eu\/en\/contact\/"]}]},{"@type":"BreadcrumbList","@id":"https:\/\/diamondclinic.eu\/en\/contact\/#breadcrumb","itemListElement":[{"@type":"ListItem","position":1,"name":"Strona g\u0142\u00f3wna","item":"https:\/\/diamondclinic.eu\/en\/"},{"@type":"ListItem","position":2,"name":"Contact"}]},{"@type":"WebSite","@id":"https:\/\/diamondclinic.eu\/#website","url":"https:\/\/diamondclinic.eu\/","name":"Diamond Clinic","description":"","potentialAction":[{"@type":"SearchAction","target":{"@type":"EntryPoint","urlTemplate":"https:\/\/diamondclinic.eu\/?s={search_term_string}"},"query-input":{"@type":"PropertyValueSpecification","valueRequired":true,"valueName":"search_term_string"}}],"inLanguage":"en-US"}]}},"_links":{"self":[{"href":"https:\/\/diamondclinic.eu\/en\/wp-json\/wp\/v2\/pages\/524","targetHints":{"allow":["GET"]}}],"collection":[{"href":"https:\/\/diamondclinic.eu\/en\/wp-json\/wp\/v2\/pages"}],"about":[{"href":"https:\/\/diamondclinic.eu\/en\/wp-json\/wp\/v2\/types\/page"}],"author":[{"embeddable":true,"href":"https:\/\/diamondclinic.eu\/en\/wp-json\/wp\/v2\/users\/1"}],"replies":[{"embeddable":true,"href":"https:\/\/diamondclinic.eu\/en\/wp-json\/wp\/v2\/comments?post=524"}],"version-history":[{"count":3,"href":"https:\/\/diamondclinic.eu\/en\/wp-json\/wp\/v2\/pages\/524\/revisions"}],"predecessor-version":[{"id":599,"href":"https:\/\/diamondclinic.eu\/en\/wp-json\/wp\/v2\/pages\/524\/revisions\/599"}],"wp:attachment":[{"href":"https:\/\/diamondclinic.eu\/en\/wp-json\/wp\/v2\/media?parent=524"}],"curies":[{"name":"wp","href":"https:\/\/api.w.org\/{rel}","templated":true}]}}