{"id":516,"date":"2022-05-23T00:10:49","date_gmt":"2022-05-22T22:10:49","guid":{"rendered":"https:\/\/diamondclinic.eu\/cukrzyca-typu-1\/"},"modified":"2022-08-02T03:19:58","modified_gmt":"2022-08-02T01:19:58","slug":"diabetes-mellitus-type-1","status":"publish","type":"page","link":"https:\/\/diamondclinic.eu\/en\/diabetes-mellitus-type-1\/","title":{"rendered":"Diabetes mellitus type 1"},"content":{"rendered":"<section class=\"l-section wpb_row mainphoto height_medium full_height valign_center with_img\"><div class=\"l-section-img\" role=\"img\" data-img-width=\"1920\" data-img-height=\"1000\" style=\"background-image: url(https:\/\/diamondclinic.eu\/wp-content\/uploads\/2022\/06\/cukrzyca-typu-1-1.jpg);\"><\/div><div class=\"l-section-h i-cf\"><div class=\"g-cols vc_row via_flex valign_top type_default stacking_default\"><div class=\"vc_col-sm-7 wpb_column vc_column_container\"><div class=\"vc_column-inner\"><div class=\"wpb_wrapper\"><div class=\"g-cols wpb_row us_custom_4fb9e5a3 via_flex valign_top type_boxes stacking_default\"><div class=\"vc_col-sm-12 wpb_column vc_column_container\"><div class=\"vc_column-inner\"><div class=\"wpb_wrapper\"><div class=\"wpb_text_column us_custom_8535c5f4\"><div class=\"wpb_wrapper\"><h1>Diabetes mellitus type 1<\/h1>\n<\/div><\/div><div class=\"w-separator us_custom_f350ef14 has_text_color size_custom with_line width_default thick_1 style_solid color_text align_center\" style=\"height:34px\"><div class=\"w-separator-h\"><\/div><\/div><div class=\"w-btn-wrapper align_none\"><a class=\"w-btn us-btn-style_2\" href=\"#kontakt\"><span class=\"w-btn-label\">Contact us<\/span><\/a><\/div><\/div><\/div><\/div><\/div><\/div><\/div><\/div><\/div><\/div><\/section><section class=\"l-section wpb_row us_custom_edddf27a height_large\"><div class=\"l-section-h i-cf\"><div class=\"g-cols vc_row via_flex valign_top type_default stacking_default\"><div class=\"vc_col-sm-12 wpb_column vc_column_container\"><div class=\"vc_column-inner\"><div class=\"wpb_wrapper\"><div class=\"wpb_text_column us_custom_eb849559\"><div class=\"wpb_wrapper\"><h2>Cukrzyca typu 1<\/h2>\n<\/div><\/div><div class=\"g-cols wpb_row us_custom_3bd30271 via_flex valign_middle type_default stacking_default\" style=\"--additional-gap:20px;\"><div class=\"vc_col-sm-6 wpb_column vc_column_container\"><div class=\"vc_column-inner\"><div class=\"wpb_wrapper\"><div class=\"wpb_text_column ul-sp\"><div class=\"wpb_wrapper\"><p><strong>Cukrzyca typu 1 stanowi ok. 10% wszystkich typ\u00f3w cukrzycy.<\/strong> Pocz\u0105tek zachorowania zwykle przypada mi\u0119dzy 10 a 14 rokiem \u017cycia. Dotyczy g\u0142\u00f3wnie dzieci i os\u00f3b m\u0142odych (&lt;30. r\u017c.).<br \/>\nCukrzyca typu 1 jest spowodowana prawie ca\u0142kowitym zniszczeniem kom\u00f3rek \u03b2 trzustki produkuj\u0105cych insulin\u0119 przez przeciwcia\u0142a. S\u0105 to tzw. autoprzeciwcia\u0142a, produkowane przez system odporno\u015bciowy organizmu, powoduj\u0105ce niszczenie w\u0142asnych kom\u00f3rek. Jest to zjawisko autoagresji, czyli niszczenia w\u0142asnych kom\u00f3rek. W efekcie dochodzi do bezwzgl\u0119dnego braku insuliny.<br \/>\nPrzyczyna powstawania tych przeciwcia\u0142 nie zosta\u0142a jeszcze wyja\u015bniona, ale wiadomo, \u017ce istotn\u0105 rol\u0119 odgrywaj\u0105 uwarunkowania genetyczne.<\/p>\n<\/div><\/div><\/div><\/div><\/div><div class=\"vc_col-sm-6 wpb_column vc_column_container\"><div class=\"vc_column-inner\"><div class=\"wpb_wrapper\"><div class=\"w-image align_center\"><div class=\"w-image-h\"><img loading=\"lazy\" decoding=\"async\" width=\"580\" height=\"485\" src=\"https:\/\/diamondclinic.eu\/wp-content\/uploads\/2022\/06\/cukrzyca-1-2.jpg\" class=\"attachment-full size-full\" alt=\"\" srcset=\"https:\/\/diamondclinic.eu\/wp-content\/uploads\/2022\/06\/cukrzyca-1-2.jpg 580w, https:\/\/diamondclinic.eu\/wp-content\/uploads\/2022\/06\/cukrzyca-1-2-300x251.jpg 300w\" sizes=\"auto, (max-width: 580px) 100vw, 580px\" \/><\/div><\/div><\/div><\/div><\/div><\/div><div class=\"g-cols wpb_row via_flex valign_middle type_default reversed stacking_default\" style=\"--additional-gap:20px;\"><div class=\"vc_col-sm-6 wpb_column vc_column_container\"><div class=\"vc_column-inner\"><div class=\"wpb_wrapper\"><div class=\"w-image align_center\"><div class=\"w-image-h\"><img loading=\"lazy\" decoding=\"async\" width=\"580\" height=\"485\" src=\"https:\/\/diamondclinic.eu\/wp-content\/uploads\/2022\/06\/cukrzyca-1-3.jpg\" class=\"attachment-full size-full\" alt=\"\" srcset=\"https:\/\/diamondclinic.eu\/wp-content\/uploads\/2022\/06\/cukrzyca-1-3.jpg 580w, https:\/\/diamondclinic.eu\/wp-content\/uploads\/2022\/06\/cukrzyca-1-3-300x251.jpg 300w\" sizes=\"auto, (max-width: 580px) 100vw, 580px\" \/><\/div><\/div><\/div><\/div><\/div><div class=\"vc_col-sm-6 wpb_column vc_column_container\"><div class=\"vc_column-inner\"><div class=\"wpb_wrapper\"><div class=\"wpb_text_column ul-sp\"><div class=\"wpb_wrapper\"><p>Pierwsze <strong>objawy cukrzycy typu 1<\/strong> u dzieci zwykle wyst\u0119puj\u0105 nagle, niekiedy pierwszymi dostrze\u017conymi objawami mo\u017ce by\u0107 kwasica i \u015bpi\u0105czka ketonowa. Zwykle objawy cukrzycy typu 1 rozwijaj\u0105 si\u0119 w ci\u0105gu kilku tygodni (4-12). Nale\u017c\u0105 do nich: wzmo\u017cone pragnienie (wypijanie od kilku do kilkunastu litr\u00f3w p\u0142yn\u00f3w na dob\u0119), wielomocz, chudni\u0119cie, senno\u015b\u0107, os\u0142abienie, sk\u0142onno\u015b\u0107 do infekcji.<br \/>\nPodstaw\u0105 rozpoznania cukrzycy jest zwi\u0119kszone st\u0119\u017cenie glukozy we krwi.<\/p>\n<\/div><\/div><\/div><\/div><\/div><\/div><\/div><\/div><\/div><\/div><\/div><\/section><section class=\"l-section wpb_row height_auto\" id=\"kontakt\"><div class=\"l-section-h i-cf\"><div class=\"g-cols vc_row via_flex valign_middle type_default stacking_default\"><div class=\"vc_col-sm-6 wpb_column vc_column_container\"><div class=\"vc_column-inner us_custom_d392eac1\"><div class=\"wpb_wrapper\"><div class=\"wpb_text_column us_custom_eb849559\"><div class=\"wpb_wrapper\"><h2>CONTACT US<\/h2>\n<p>Je\u015bli cierpisz na cukrzyc\u0119 typ 1, chcesz sprawdzi\u0107 czy kwalifikujesz si\u0119 do programu lekowego, skontaktuj si\u0119 z nami:<\/p>\n<\/div><\/div><div class=\"wpb_text_column us_custom_9efe62c2\"><div class=\"wpb_wrapper\"><p>Zadzwo\u0144: <strong><a href=\"tel:571241412\">+ 48 571 241 412<\/a><\/strong><br \/>\nNapisz: <strong><a href=\"mailto:biuro@diamondclinic.eu\">biuro@diamondclinic.eu<\/a><\/strong><\/p>\n<\/div><\/div><\/div><\/div><\/div><div class=\"vc_col-sm-6 wpb_column vc_column_container\"><div class=\"vc_column-inner\"><div class=\"wpb_wrapper\"><div class=\"w-image us_custom_4b68feab align_center\"><div class=\"w-image-h\"><img loading=\"lazy\" decoding=\"async\" width=\"500\" height=\"648\" src=\"https:\/\/diamondclinic.eu\/wp-content\/uploads\/2022\/06\/zdj-rejestracja.jpg\" class=\"attachment-full size-full\" alt=\"\" srcset=\"https:\/\/diamondclinic.eu\/wp-content\/uploads\/2022\/06\/zdj-rejestracja.jpg 500w, https:\/\/diamondclinic.eu\/wp-content\/uploads\/2022\/06\/zdj-rejestracja-231x300.jpg 231w\" sizes=\"auto, (max-width: 500px) 100vw, 500px\" \/><\/div><\/div><\/div><\/div><\/div><\/div><\/div><\/section>\n","protected":false},"excerpt":{"rendered":"Diabetes mellitus type 1 Contact usCukrzyca typu 1 Cukrzyca typu 1 stanowi ok. 10% wszystkich typ\u00f3w cukrzycy. Pocz\u0105tek zachorowania zwykle przypada mi\u0119dzy 10 a 14 rokiem \u017cycia. Dotyczy g\u0142\u00f3wnie dzieci i os\u00f3b m\u0142odych (&lt;30. r\u017c.). Cukrzyca typu 1 jest spowodowana prawie ca\u0142kowitym zniszczeniem kom\u00f3rek \u03b2 trzustki produkuj\u0105cych insulin\u0119 przez przeciwcia\u0142a. S\u0105 to tzw. autoprzeciwcia\u0142a, produkowane...","protected":false},"author":1,"featured_media":443,"parent":0,"menu_order":0,"comment_status":"closed","ping_status":"closed","template":"","meta":{"footnotes":""},"class_list":["post-516","page","type-page","status-publish","has-post-thumbnail","hentry"],"acf":[],"yoast_head":"<!-- This site is optimized with the Yoast SEO plugin v27.6 - https:\/\/yoast.com\/product\/yoast-seo-wordpress\/ -->\n<title>Diabetes mellitus type 1 - Diamond Clinic<\/title>\n<meta name=\"robots\" content=\"index, follow, max-snippet:-1, max-image-preview:large, max-video-preview:-1\" \/>\n<link rel=\"canonical\" href=\"https:\/\/diamondclinic.eu\/en\/diabetes-mellitus-type-1\/\" \/>\n<meta property=\"og:locale\" content=\"en_US\" \/>\n<meta property=\"og:type\" content=\"article\" \/>\n<meta property=\"og:title\" content=\"Diabetes mellitus type 1 - Diamond Clinic\" \/>\n<meta property=\"og:url\" content=\"https:\/\/diamondclinic.eu\/en\/diabetes-mellitus-type-1\/\" \/>\n<meta property=\"og:site_name\" content=\"Diamond Clinic\" \/>\n<meta property=\"article:modified_time\" content=\"2022-08-02T01:19:58+00:00\" \/>\n<meta property=\"og:image\" content=\"https:\/\/diamondclinic.eu\/wp-content\/uploads\/2022\/05\/badania-kliniczne-6.jpg\" \/>\n\t<meta property=\"og:image:width\" content=\"300\" \/>\n\t<meta property=\"og:image:height\" content=\"300\" \/>\n\t<meta property=\"og:image:type\" content=\"image\/jpeg\" \/>\n<meta name=\"twitter:card\" content=\"summary_large_image\" \/>\n<meta name=\"twitter:label1\" content=\"Est. reading time\" \/>\n\t<meta name=\"twitter:data1\" content=\"2 minutes\" \/>\n<script type=\"application\/ld+json\" class=\"yoast-schema-graph\">{\"@context\":\"https:\\\/\\\/schema.org\",\"@graph\":[{\"@type\":\"WebPage\",\"@id\":\"https:\\\/\\\/diamondclinic.eu\\\/en\\\/diabetes-mellitus-type-1\\\/\",\"url\":\"https:\\\/\\\/diamondclinic.eu\\\/en\\\/diabetes-mellitus-type-1\\\/\",\"name\":\"Diabetes mellitus type 1 - Diamond Clinic\",\"isPartOf\":{\"@id\":\"https:\\\/\\\/diamondclinic.eu\\\/#website\"},\"primaryImageOfPage\":{\"@id\":\"https:\\\/\\\/diamondclinic.eu\\\/en\\\/diabetes-mellitus-type-1\\\/#primaryimage\"},\"image\":{\"@id\":\"https:\\\/\\\/diamondclinic.eu\\\/en\\\/diabetes-mellitus-type-1\\\/#primaryimage\"},\"thumbnailUrl\":\"https:\\\/\\\/diamondclinic.eu\\\/wp-content\\\/uploads\\\/2022\\\/05\\\/badania-kliniczne-6.jpg\",\"datePublished\":\"2022-05-22T22:10:49+00:00\",\"dateModified\":\"2022-08-02T01:19:58+00:00\",\"breadcrumb\":{\"@id\":\"https:\\\/\\\/diamondclinic.eu\\\/en\\\/diabetes-mellitus-type-1\\\/#breadcrumb\"},\"inLanguage\":\"en-US\",\"potentialAction\":[{\"@type\":\"ReadAction\",\"target\":[\"https:\\\/\\\/diamondclinic.eu\\\/en\\\/diabetes-mellitus-type-1\\\/\"]}]},{\"@type\":\"ImageObject\",\"inLanguage\":\"en-US\",\"@id\":\"https:\\\/\\\/diamondclinic.eu\\\/en\\\/diabetes-mellitus-type-1\\\/#primaryimage\",\"url\":\"https:\\\/\\\/diamondclinic.eu\\\/wp-content\\\/uploads\\\/2022\\\/05\\\/badania-kliniczne-6.jpg\",\"contentUrl\":\"https:\\\/\\\/diamondclinic.eu\\\/wp-content\\\/uploads\\\/2022\\\/05\\\/badania-kliniczne-6.jpg\",\"width\":300,\"height\":300},{\"@type\":\"BreadcrumbList\",\"@id\":\"https:\\\/\\\/diamondclinic.eu\\\/en\\\/diabetes-mellitus-type-1\\\/#breadcrumb\",\"itemListElement\":[{\"@type\":\"ListItem\",\"position\":1,\"name\":\"Strona g\u0142\u00f3wna\",\"item\":\"https:\\\/\\\/diamondclinic.eu\\\/en\\\/\"},{\"@type\":\"ListItem\",\"position\":2,\"name\":\"Diabetes mellitus type 1\"}]},{\"@type\":\"WebSite\",\"@id\":\"https:\\\/\\\/diamondclinic.eu\\\/#website\",\"url\":\"https:\\\/\\\/diamondclinic.eu\\\/\",\"name\":\"Diamond Clinic\",\"description\":\"\",\"potentialAction\":[{\"@type\":\"SearchAction\",\"target\":{\"@type\":\"EntryPoint\",\"urlTemplate\":\"https:\\\/\\\/diamondclinic.eu\\\/?s={search_term_string}\"},\"query-input\":{\"@type\":\"PropertyValueSpecification\",\"valueRequired\":true,\"valueName\":\"search_term_string\"}}],\"inLanguage\":\"en-US\"}]}<\/script>\n<!-- \/ Yoast SEO plugin. -->","yoast_head_json":{"title":"Diabetes mellitus type 1 - Diamond Clinic","robots":{"index":"index","follow":"follow","max-snippet":"max-snippet:-1","max-image-preview":"max-image-preview:large","max-video-preview":"max-video-preview:-1"},"canonical":"https:\/\/diamondclinic.eu\/en\/diabetes-mellitus-type-1\/","og_locale":"en_US","og_type":"article","og_title":"Diabetes mellitus type 1 - Diamond Clinic","og_url":"https:\/\/diamondclinic.eu\/en\/diabetes-mellitus-type-1\/","og_site_name":"Diamond Clinic","article_modified_time":"2022-08-02T01:19:58+00:00","og_image":[{"width":300,"height":300,"url":"https:\/\/diamondclinic.eu\/wp-content\/uploads\/2022\/05\/badania-kliniczne-6.jpg","type":"image\/jpeg"}],"twitter_card":"summary_large_image","twitter_misc":{"Est. reading time":"2 minutes"},"schema":{"@context":"https:\/\/schema.org","@graph":[{"@type":"WebPage","@id":"https:\/\/diamondclinic.eu\/en\/diabetes-mellitus-type-1\/","url":"https:\/\/diamondclinic.eu\/en\/diabetes-mellitus-type-1\/","name":"Diabetes mellitus type 1 - Diamond Clinic","isPartOf":{"@id":"https:\/\/diamondclinic.eu\/#website"},"primaryImageOfPage":{"@id":"https:\/\/diamondclinic.eu\/en\/diabetes-mellitus-type-1\/#primaryimage"},"image":{"@id":"https:\/\/diamondclinic.eu\/en\/diabetes-mellitus-type-1\/#primaryimage"},"thumbnailUrl":"https:\/\/diamondclinic.eu\/wp-content\/uploads\/2022\/05\/badania-kliniczne-6.jpg","datePublished":"2022-05-22T22:10:49+00:00","dateModified":"2022-08-02T01:19:58+00:00","breadcrumb":{"@id":"https:\/\/diamondclinic.eu\/en\/diabetes-mellitus-type-1\/#breadcrumb"},"inLanguage":"en-US","potentialAction":[{"@type":"ReadAction","target":["https:\/\/diamondclinic.eu\/en\/diabetes-mellitus-type-1\/"]}]},{"@type":"ImageObject","inLanguage":"en-US","@id":"https:\/\/diamondclinic.eu\/en\/diabetes-mellitus-type-1\/#primaryimage","url":"https:\/\/diamondclinic.eu\/wp-content\/uploads\/2022\/05\/badania-kliniczne-6.jpg","contentUrl":"https:\/\/diamondclinic.eu\/wp-content\/uploads\/2022\/05\/badania-kliniczne-6.jpg","width":300,"height":300},{"@type":"BreadcrumbList","@id":"https:\/\/diamondclinic.eu\/en\/diabetes-mellitus-type-1\/#breadcrumb","itemListElement":[{"@type":"ListItem","position":1,"name":"Strona g\u0142\u00f3wna","item":"https:\/\/diamondclinic.eu\/en\/"},{"@type":"ListItem","position":2,"name":"Diabetes mellitus type 1"}]},{"@type":"WebSite","@id":"https:\/\/diamondclinic.eu\/#website","url":"https:\/\/diamondclinic.eu\/","name":"Diamond Clinic","description":"","potentialAction":[{"@type":"SearchAction","target":{"@type":"EntryPoint","urlTemplate":"https:\/\/diamondclinic.eu\/?s={search_term_string}"},"query-input":{"@type":"PropertyValueSpecification","valueRequired":true,"valueName":"search_term_string"}}],"inLanguage":"en-US"}]}},"_links":{"self":[{"href":"https:\/\/diamondclinic.eu\/en\/wp-json\/wp\/v2\/pages\/516","targetHints":{"allow":["GET"]}}],"collection":[{"href":"https:\/\/diamondclinic.eu\/en\/wp-json\/wp\/v2\/pages"}],"about":[{"href":"https:\/\/diamondclinic.eu\/en\/wp-json\/wp\/v2\/types\/page"}],"author":[{"embeddable":true,"href":"https:\/\/diamondclinic.eu\/en\/wp-json\/wp\/v2\/users\/1"}],"replies":[{"embeddable":true,"href":"https:\/\/diamondclinic.eu\/en\/wp-json\/wp\/v2\/comments?post=516"}],"version-history":[{"count":2,"href":"https:\/\/diamondclinic.eu\/en\/wp-json\/wp\/v2\/pages\/516\/revisions"}],"predecessor-version":[{"id":518,"href":"https:\/\/diamondclinic.eu\/en\/wp-json\/wp\/v2\/pages\/516\/revisions\/518"}],"wp:featuredmedia":[{"embeddable":true,"href":"https:\/\/diamondclinic.eu\/en\/wp-json\/wp\/v2\/media\/443"}],"wp:attachment":[{"href":"https:\/\/diamondclinic.eu\/en\/wp-json\/wp\/v2\/media?parent=516"}],"curies":[{"name":"wp","href":"https:\/\/api.w.org\/{rel}","templated":true}]}}